{"id":2621,"date":"2026-02-25T14:47:54","date_gmt":"2026-02-25T13:47:54","guid":{"rendered":"https:\/\/www.cipal.fr\/impressum\/"},"modified":"2026-04-13T15:07:07","modified_gmt":"2026-04-13T13:07:07","slug":"impressum","status":"publish","type":"page","link":"https:\/\/www.cipal.fr\/de\/impressum\/","title":{"rendered":"Impressum"},"content":{"rendered":"\n<h3 class=\"wp-block-heading\">Herausgeber der Website<\/h3>\n\n<p>CIPAL<br\/>11 rue de la communaut\u00e9<br\/>44140 LE BIGNON<br\/>Frankreich <\/p>\n\n<p>SIRET: 454 068 560 00027 <\/p>\n\n<p>USt-IdNr.: FR63454068560 <\/p>\n\n<p>Stammkapital: 200.000 \u20ac <\/p>\n\n<p>Email : <a href=\"mailto:cipal@cipal.fr\">cipal@cipal.fr<\/a> <\/p>\n\n<p>Verantwortlicher f\u00fcr die Ver\u00f6ffentlichung: Yannick DE FAUCAL<\/p>\n\n<h3 class=\"wp-block-heading\">Gestaltung &amp; Umsetzung<\/h3>\n\n<p>Agence WEBPERFECT &#8211; 81, boulevard Pierre 1er 33110 Le Bouscat <\/p>\n\n<p>T\u00e9l : +33 (0)5 56 96 63 85 <\/p>\n\n<p>Website: <a href=\"http:\/\/www.webperfect.fr\">www.webperfect.fr<\/a><\/p>\n\n<h3 class=\"wp-block-heading\">Hosting<\/h3>\n\n<p>HOSTINGER <\/p>\n\n<p>Contact : <a href=\"https:\/\/www.hostinger.fr\/contact\">https:\/\/www.hostinger.fr\/contact<\/a> <\/p>\n\n<p>Website: <a href=\"http:\/\/www.hostinger.fr\">www.hostinger.fr<\/a><\/p>\n\n<h3 class=\"wp-block-heading\">Geistiges Eigentum<\/h3>\n\n<p>Alle Rechte zur Vervielf\u00e4ltigung der Inhalte dieser Website sind vorbehalten. Jede Vervielf\u00e4ltigung, Darstellung, \u00c4nderung, Ver\u00f6ffentlichung oder Anpassung aller oder eines Teils der Elemente dieser Website, gleich durch welches Mittel oder Verfahren, ist ohne vorherige schriftliche Genehmigung von CIPAL untersagt.<\/p>\n\n<h3 class=\"wp-block-heading\">Haftung<\/h3>\n\n<p>CIPAL bem\u00fcht sich, die Richtigkeit und Aktualit\u00e4t der auf dieser Website ver\u00f6ffentlichten Informationen sicherzustellen. CIPAL kann jedoch die Richtigkeit, Genauigkeit oder Vollst\u00e4ndigkeit der bereitgestellten Informationen nicht garantieren. Folglich \u00fcbernimmt CIPAL keine Haftung f\u00fcr etwaige Ungenauigkeiten oder Auslassungen bei den auf dieser Website verf\u00fcgbaren Informationen.<\/p>\n\n<h3 class=\"wp-block-heading\">Hyperlinks<\/h3>\n\n<p>Die Website cipal.fr kann Hyperlinks zu anderen Websites enthalten. CIPAL hat keine M\u00f6glichkeit, die mit seiner Website verbundenen Seiten zu kontrollieren, und \u00fcbernimmt keine Verantwortung f\u00fcr die Verf\u00fcgbarkeit solcher externen Websites und Quellen.<\/p>\n\n<h3 class=\"wp-block-heading\">Cookies<\/h3>\n\n<p>Die Website cipal.fr kann Cookies verwenden. Benutzer k\u00f6nnen Cookies \u00fcber ihre Browsereinstellungen deaktivieren.<\/p>\n","protected":false},"excerpt":{"rendered":"<p>Herausgeber der Website CIPAL11 rue de la communaut\u00e944140 LE BIGNONFrankreich SIRET: 454 068 560 00027 USt-IdNr.: FR63454068560 Stammkapital: 200.000 \u20ac Email : cipal@cipal.fr Verantwortlicher f\u00fcr die Ver\u00f6ffentlichung: Yannick DE FAUCAL Gestaltung &amp; Umsetzung Agence WEBPERFECT &#8211; 81, boulevard Pierre 1er 33110 Le Bouscat T\u00e9l : +33 (0)5 56 96 63 85 Website: www.webperfect.fr Hosting HOSTINGER [&hellip;]<\/p>\n","protected":false},"author":1,"featured_media":0,"parent":0,"menu_order":0,"comment_status":"closed","ping_status":"closed","template":"","meta":{"_acf_changed":false,"footnotes":""},"class_list":["post-2621","page","type-page","status-publish","hentry"],"acf":[],"yoast_head":"<!-- This site is optimized with the Yoast SEO plugin v27.4 - https:\/\/yoast.com\/product\/yoast-seo-wordpress\/ -->\n<title>Impressum - Cipal<\/title>\n<meta name=\"description\" content=\"Impressum der Website cipal.fr \u2013 CIPAL, franz\u00f6sischer Hersteller von ma\u00dfgefertigten Hebetraversen. SIRET : 454 068 560 00027. Hosting: Hostinger International Ltd.\" \/>\n<meta name=\"robots\" content=\"index, follow, max-snippet:-1, max-image-preview:large, max-video-preview:-1\" \/>\n<link rel=\"canonical\" href=\"https:\/\/www.cipal.fr\/de\/impressum\/\" \/>\n<meta property=\"og:locale\" content=\"de_DE\" \/>\n<meta property=\"og:type\" content=\"article\" \/>\n<meta property=\"og:title\" content=\"Impressum - Cipal\" \/>\n<meta property=\"og:description\" content=\"Impressum der Website cipal.fr \u2013 CIPAL, franz\u00f6sischer Hersteller von ma\u00dfgefertigten Hebetraversen. SIRET : 454 068 560 00027. Hosting: Hostinger International Ltd.\" \/>\n<meta property=\"og:url\" content=\"https:\/\/www.cipal.fr\/de\/impressum\/\" \/>\n<meta property=\"og:site_name\" content=\"Cipal\" \/>\n<meta property=\"article:modified_time\" content=\"2026-04-13T13:07:07+00:00\" \/>\n<meta property=\"og:image\" content=\"https:\/\/www.cipal.fr\/wp-content\/uploads\/2026\/03\/CIPAL_logo-officiel-scaled.png\" \/>\n\t<meta property=\"og:image:width\" content=\"2560\" \/>\n\t<meta property=\"og:image:height\" content=\"698\" \/>\n\t<meta property=\"og:image:type\" content=\"image\/png\" \/>\n<meta name=\"twitter:card\" content=\"summary_large_image\" \/>\n<meta name=\"twitter:label1\" content=\"Gesch\u00e4tzte Lesezeit\" \/>\n\t<meta name=\"twitter:data1\" content=\"1\u00a0Minute\" \/>\n<script type=\"application\/ld+json\" class=\"yoast-schema-graph\">{\"@context\":\"https:\\\/\\\/schema.org\",\"@graph\":[{\"@type\":\"WebPage\",\"@id\":\"https:\\\/\\\/www.cipal.fr\\\/de\\\/impressum\\\/\",\"url\":\"https:\\\/\\\/www.cipal.fr\\\/de\\\/impressum\\\/\",\"name\":\"Impressum - Cipal\",\"isPartOf\":{\"@id\":\"https:\\\/\\\/www.cipal.fr\\\/de\\\/#website\"},\"datePublished\":\"2026-02-25T13:47:54+00:00\",\"dateModified\":\"2026-04-13T13:07:07+00:00\",\"description\":\"Impressum der Website cipal.fr \u2013 CIPAL, franz\u00f6sischer Hersteller von ma\u00dfgefertigten Hebetraversen. SIRET : 454 068 560 00027. Hosting: Hostinger International Ltd.\",\"breadcrumb\":{\"@id\":\"https:\\\/\\\/www.cipal.fr\\\/de\\\/impressum\\\/#breadcrumb\"},\"inLanguage\":\"de\",\"potentialAction\":[{\"@type\":\"ReadAction\",\"target\":[\"https:\\\/\\\/www.cipal.fr\\\/de\\\/impressum\\\/\"]}]},{\"@type\":\"BreadcrumbList\",\"@id\":\"https:\\\/\\\/www.cipal.fr\\\/de\\\/impressum\\\/#breadcrumb\",\"itemListElement\":[{\"@type\":\"ListItem\",\"position\":1,\"name\":\"Accueil\",\"item\":\"https:\\\/\\\/www.cipal.fr\\\/de\\\/startseite\\\/\"},{\"@type\":\"ListItem\",\"position\":2,\"name\":\"Impressum\"}]},{\"@type\":\"WebSite\",\"@id\":\"https:\\\/\\\/www.cipal.fr\\\/de\\\/#website\",\"url\":\"https:\\\/\\\/www.cipal.fr\\\/de\\\/\",\"name\":\"Cipal\",\"description\":\"Conception Industrielle de Palonniers et d\u2019Accessoires de Levage\",\"publisher\":{\"@id\":\"https:\\\/\\\/www.cipal.fr\\\/de\\\/#organization\"},\"potentialAction\":[{\"@type\":\"SearchAction\",\"target\":{\"@type\":\"EntryPoint\",\"urlTemplate\":\"https:\\\/\\\/www.cipal.fr\\\/de\\\/?s={search_term_string}\"},\"query-input\":{\"@type\":\"PropertyValueSpecification\",\"valueRequired\":true,\"valueName\":\"search_term_string\"}}],\"inLanguage\":\"de\"},{\"@type\":\"Organization\",\"@id\":\"https:\\\/\\\/www.cipal.fr\\\/de\\\/#organization\",\"name\":\"CIPAL\",\"url\":\"https:\\\/\\\/www.cipal.fr\\\/de\\\/\",\"logo\":{\"@type\":\"ImageObject\",\"inLanguage\":\"de\",\"@id\":\"https:\\\/\\\/www.cipal.fr\\\/de\\\/#\\\/schema\\\/logo\\\/image\\\/\",\"url\":\"https:\\\/\\\/www.cipal.fr\\\/wp-content\\\/uploads\\\/2026\\\/03\\\/CIPAL_logo-officiel-scaled.png\",\"contentUrl\":\"https:\\\/\\\/www.cipal.fr\\\/wp-content\\\/uploads\\\/2026\\\/03\\\/CIPAL_logo-officiel-scaled.png\",\"width\":2560,\"height\":698,\"caption\":\"CIPAL\"},\"image\":{\"@id\":\"https:\\\/\\\/www.cipal.fr\\\/de\\\/#\\\/schema\\\/logo\\\/image\\\/\"}}]}<\/script>\n<!-- \/ Yoast SEO plugin. -->","yoast_head_json":{"title":"Impressum - Cipal","description":"Impressum der Website cipal.fr \u2013 CIPAL, franz\u00f6sischer Hersteller von ma\u00dfgefertigten Hebetraversen. SIRET : 454 068 560 00027. Hosting: Hostinger International Ltd.","robots":{"index":"index","follow":"follow","max-snippet":"max-snippet:-1","max-image-preview":"max-image-preview:large","max-video-preview":"max-video-preview:-1"},"canonical":"https:\/\/www.cipal.fr\/de\/impressum\/","og_locale":"de_DE","og_type":"article","og_title":"Impressum - Cipal","og_description":"Impressum der Website cipal.fr \u2013 CIPAL, franz\u00f6sischer Hersteller von ma\u00dfgefertigten Hebetraversen. SIRET : 454 068 560 00027. Hosting: Hostinger International Ltd.","og_url":"https:\/\/www.cipal.fr\/de\/impressum\/","og_site_name":"Cipal","article_modified_time":"2026-04-13T13:07:07+00:00","og_image":[{"width":2560,"height":698,"url":"https:\/\/www.cipal.fr\/wp-content\/uploads\/2026\/03\/CIPAL_logo-officiel-scaled.png","type":"image\/png"}],"twitter_card":"summary_large_image","twitter_misc":{"Gesch\u00e4tzte Lesezeit":"1\u00a0Minute"},"schema":{"@context":"https:\/\/schema.org","@graph":[{"@type":"WebPage","@id":"https:\/\/www.cipal.fr\/de\/impressum\/","url":"https:\/\/www.cipal.fr\/de\/impressum\/","name":"Impressum - Cipal","isPartOf":{"@id":"https:\/\/www.cipal.fr\/de\/#website"},"datePublished":"2026-02-25T13:47:54+00:00","dateModified":"2026-04-13T13:07:07+00:00","description":"Impressum der Website cipal.fr \u2013 CIPAL, franz\u00f6sischer Hersteller von ma\u00dfgefertigten Hebetraversen. SIRET : 454 068 560 00027. Hosting: Hostinger International Ltd.","breadcrumb":{"@id":"https:\/\/www.cipal.fr\/de\/impressum\/#breadcrumb"},"inLanguage":"de","potentialAction":[{"@type":"ReadAction","target":["https:\/\/www.cipal.fr\/de\/impressum\/"]}]},{"@type":"BreadcrumbList","@id":"https:\/\/www.cipal.fr\/de\/impressum\/#breadcrumb","itemListElement":[{"@type":"ListItem","position":1,"name":"Accueil","item":"https:\/\/www.cipal.fr\/de\/startseite\/"},{"@type":"ListItem","position":2,"name":"Impressum"}]},{"@type":"WebSite","@id":"https:\/\/www.cipal.fr\/de\/#website","url":"https:\/\/www.cipal.fr\/de\/","name":"Cipal","description":"Conception Industrielle de Palonniers et d\u2019Accessoires de Levage","publisher":{"@id":"https:\/\/www.cipal.fr\/de\/#organization"},"potentialAction":[{"@type":"SearchAction","target":{"@type":"EntryPoint","urlTemplate":"https:\/\/www.cipal.fr\/de\/?s={search_term_string}"},"query-input":{"@type":"PropertyValueSpecification","valueRequired":true,"valueName":"search_term_string"}}],"inLanguage":"de"},{"@type":"Organization","@id":"https:\/\/www.cipal.fr\/de\/#organization","name":"CIPAL","url":"https:\/\/www.cipal.fr\/de\/","logo":{"@type":"ImageObject","inLanguage":"de","@id":"https:\/\/www.cipal.fr\/de\/#\/schema\/logo\/image\/","url":"https:\/\/www.cipal.fr\/wp-content\/uploads\/2026\/03\/CIPAL_logo-officiel-scaled.png","contentUrl":"https:\/\/www.cipal.fr\/wp-content\/uploads\/2026\/03\/CIPAL_logo-officiel-scaled.png","width":2560,"height":698,"caption":"CIPAL"},"image":{"@id":"https:\/\/www.cipal.fr\/de\/#\/schema\/logo\/image\/"}}]}},"_links":{"self":[{"href":"https:\/\/www.cipal.fr\/de\/wp-json\/wp\/v2\/pages\/2621","targetHints":{"allow":["GET"]}}],"collection":[{"href":"https:\/\/www.cipal.fr\/de\/wp-json\/wp\/v2\/pages"}],"about":[{"href":"https:\/\/www.cipal.fr\/de\/wp-json\/wp\/v2\/types\/page"}],"author":[{"embeddable":true,"href":"https:\/\/www.cipal.fr\/de\/wp-json\/wp\/v2\/users\/1"}],"replies":[{"embeddable":true,"href":"https:\/\/www.cipal.fr\/de\/wp-json\/wp\/v2\/comments?post=2621"}],"version-history":[{"count":1,"href":"https:\/\/www.cipal.fr\/de\/wp-json\/wp\/v2\/pages\/2621\/revisions"}],"predecessor-version":[{"id":2622,"href":"https:\/\/www.cipal.fr\/de\/wp-json\/wp\/v2\/pages\/2621\/revisions\/2622"}],"wp:attachment":[{"href":"https:\/\/www.cipal.fr\/de\/wp-json\/wp\/v2\/media?parent=2621"}],"curies":[{"name":"wp","href":"https:\/\/api.w.org\/{rel}","templated":true}]}}