{"id":2702,"date":"2026-02-26T11:05:23","date_gmt":"2026-02-26T10:05:23","guid":{"rendered":"https:\/\/www.cipal.fr\/contact\/"},"modified":"2026-04-17T14:28:51","modified_gmt":"2026-04-17T12:28:51","slug":"contact","status":"publish","type":"page","link":"https:\/\/www.cipal.fr\/en\/contact\/","title":{"rendered":"Contact"},"content":{"rendered":"\t\t<div data-elementor-type=\"wp-page\" data-elementor-id=\"2702\" class=\"elementor elementor-2702 elementor-1088\" data-elementor-post-type=\"page\">\n\t\t\t\t<div class=\"elementor-element elementor-element-0794354 e-flex e-con-boxed e-con e-child\" data-id=\"0794354\" data-element_type=\"container\" data-e-type=\"container\" data-settings=\"{&quot;background_background&quot;:&quot;classic&quot;}\">\n\t\t\t\t\t<div class=\"e-con-inner\">\n\t\t<div class=\"elementor-element elementor-element-c51a23c e-flex e-con-boxed e-con e-child\" data-id=\"c51a23c\" data-element_type=\"container\" data-e-type=\"container\" data-settings=\"{&quot;background_background&quot;:&quot;classic&quot;,&quot;position&quot;:&quot;absolute&quot;}\">\n\t\t\t\t\t<div class=\"e-con-inner\">\n\t\t\t\t<div class=\"elementor-element elementor-element-f6cb2d4 elementor-align-left elementor-widget__width-inherit breadcrumb_white elementor-widget elementor-widget-breadcrumbs\" data-id=\"f6cb2d4\" data-element_type=\"widget\" data-e-type=\"widget\" data-widget_type=\"breadcrumbs.default\">\n\t\t\t\t\t<p id=\"breadcrumbs\"><span class=\"mobile-back-button\" onclick=\"history.back()\"><i class=\"icon-arrow_left\"><\/i> Retour<\/span><span><span><a href=\"https:\/\/www.cipal.fr\/en\/home\/\">Accueil<\/a><\/span><\/span><\/p>\t\t\t\t<\/div>\n\t\t\t\t\t<\/div>\n\t\t\t\t<\/div>\n\t\t<div class=\"elementor-element elementor-element-dbb138d e-con-full mask e-transform e-flex e-con e-child\" data-id=\"dbb138d\" data-element_type=\"container\" data-e-type=\"container\" data-settings=\"{&quot;background_background&quot;:&quot;classic&quot;,&quot;position&quot;:&quot;absolute&quot;,&quot;_transform_flipX_effect&quot;:&quot;transform&quot;}\">\n\t\t\t\t<\/div>\n\t\t<div class=\"elementor-element elementor-element-07ff35a e-con-full mask2 e-transform e-flex e-con e-child\" data-id=\"07ff35a\" data-element_type=\"container\" data-e-type=\"container\" data-settings=\"{&quot;background_background&quot;:&quot;classic&quot;,&quot;position&quot;:&quot;absolute&quot;,&quot;_transform_flipX_effect&quot;:&quot;transform&quot;}\">\n\t\t\t\t<\/div>\n\t\t<div class=\"elementor-element elementor-element-1cb0b06 e-con-full e-flex e-con e-child\" data-id=\"1cb0b06\" data-element_type=\"container\" data-e-type=\"container\">\n\t\t\t\t<div class=\"elementor-element elementor-element-6dc530a elementor-view-default elementor-widget elementor-widget-icon\" data-id=\"6dc530a\" data-element_type=\"widget\" data-e-type=\"widget\" data-widget_type=\"icon.default\">\n\t\t\t\t\t\t\t<div class=\"elementor-icon-wrapper\">\n\t\t\t<div class=\"elementor-icon\">\n\t\t\t<i aria-hidden=\"true\" class=\"icon icon-cipal\"><\/i>\t\t\t<\/div>\n\t\t<\/div>\n\t\t\t\t\t\t<\/div>\n\t\t\t\t<\/div>\n\t\t\t\t\t<\/div>\n\t\t\t\t<\/div>\n\t\t<div class=\"elementor-element elementor-element-7bc2c3f e-flex e-con-boxed e-con e-parent\" data-id=\"7bc2c3f\" data-element_type=\"container\" data-e-type=\"container\">\n\t\t\t\t\t<div class=\"e-con-inner\">\n\t\t\t\t<div class=\"elementor-element elementor-element-ee5c7df elementor-widget elementor-widget-heading\" data-id=\"ee5c7df\" data-element_type=\"widget\" data-e-type=\"widget\" data-widget_type=\"heading.default\">\n\t\t\t\t\t<div class=\"elementor-heading-title elementor-size-default\">CONTACT - QUOTE<\/div>\t\t\t\t<\/div>\n\t\t\t\t<div class=\"elementor-element elementor-element-092af76 elementor-widget elementor-widget-heading\" data-id=\"092af76\" data-element_type=\"widget\" data-e-type=\"widget\" data-widget_type=\"heading.default\">\n\t\t\t\t\t<h1 class=\"elementor-heading-title elementor-size-default\">Have a question? Need a free quote?<\/h1>\t\t\t\t<\/div>\n\t\t\t\t<div class=\"elementor-element elementor-element-bb847e9 elementor-widget elementor-widget-heading\" data-id=\"bb847e9\" data-element_type=\"widget\" data-e-type=\"widget\" data-widget_type=\"heading.default\">\n\t\t\t\t\t<div class=\"elementor-heading-title elementor-size-default\">Contact us using the form below<\/div>\t\t\t\t<\/div>\n\t\t<div class=\"elementor-element elementor-element-f5979bb e-con-full e-flex e-con e-child\" data-id=\"f5979bb\" data-element_type=\"container\" data-e-type=\"container\">\n\t\t\t\t<div class=\"elementor-element elementor-element-f49a5c4 elementor-widget__width-initial fluentform-widget-submit-button-center fluentform-widget-submit-button-custom elementor-widget elementor-widget-fluent-form-widget\" data-id=\"f49a5c4\" data-element_type=\"widget\" data-e-type=\"widget\" data-widget_type=\"fluent-form-widget.default\">\n\t\t\t\t<div class=\"elementor-widget-container\">\n\t\t\t\t\t\n            <div class=\"fluentform-widget-wrapper fluentform-widget-align-default\">\n\n            \n            <div class='fluentform ff-default fluentform_wrapper_1 ffs_default_wrap'><form data-form_id=\"1\" id=\"fluentform_1\" class=\"frm-fluent-form fluent_form_1 ff-el-form-top ff_form_instance_1_1 ff-form-loading ff_has_v3_recptcha ffs_default\" data-form_instance=\"ff_form_instance_1_1\" method=\"POST\" data-recptcha_key=\"6LfPEX0sAAAAAMvIQwSAmzxHy85F9FuIBppztTLy\" ><fieldset  style=\"border: none!important;margin: 0!important;padding: 0!important;background-color: transparent!important;box-shadow: none!important;outline: none!important; min-inline-size: 100%;\">\n                    <legend class=\"ff_screen_reader_title\" style=\"display: block; margin: 0!important;padding: 0!important;height: 0!important;text-indent: -999999px;width: 0!important;overflow:hidden;\">Demande de contact<\/legend><input type='hidden' name='__fluent_form_embded_post_id' value='2702' \/><input type=\"hidden\" id=\"_fluentform_1_fluentformnonce\" name=\"_fluentform_1_fluentformnonce\" value=\"00bfbae8d8\" \/><input type=\"hidden\" name=\"_wp_http_referer\" value=\"\/en\/wp-json\/wp\/v2\/pages\/2702\" \/><div data-name=\"ff_cn_id_1\"  class='ff-t-container ff-column-container ff_columns_total_2 '><div class='ff-t-cell ff-t-column-1' style='flex-basis: 50%;'><div class='ff-el-group ff-el-form-hide_label'><div class=\"ff-el-input--label ff-el-is-required asterisk-right\"><label for='ff_1_input_text_1' id='label_ff_1_input_text_1' aria-label=\"Last name\">Last name<\/label><\/div><div class='ff-el-input--content'><input type=\"text\" name=\"input_text_1\" class=\"ff-el-form-control\" placeholder=\"Last name\" data-name=\"input_text_1\" id=\"ff_1_input_text_1\"  aria-invalid=\"false\" aria-required=true><\/div><\/div><\/div><div class='ff-t-cell ff-t-column-2' style='flex-basis: 50%;'><div class='ff-el-group ff-el-form-hide_label'><div class=\"ff-el-input--label ff-el-is-required asterisk-right\"><label for='ff_1_input_text_2' id='label_ff_1_input_text_2' aria-label=\"First Name\">First Name<\/label><\/div><div class='ff-el-input--content'><input type=\"text\" name=\"input_text_2\" class=\"ff-el-form-control\" placeholder=\"First Name\" data-name=\"input_text_2\" id=\"ff_1_input_text_2\"  aria-invalid=\"false\" aria-required=true><\/div><\/div><\/div><\/div><div data-name=\"ff_cn_id_2\"  class='ff-t-container ff-column-container ff_columns_total_2 '><div class='ff-t-cell ff-t-column-1' style='flex-basis: 50%;'><div class='ff-el-group ff-el-form-hide_label'><div class=\"ff-el-input--label ff-el-is-required asterisk-right\"><label for='ff_1_input_text_5' id='label_ff_1_input_text_5' aria-label=\"Company\">Company<\/label><\/div><div class='ff-el-input--content'><input type=\"text\" name=\"input_text_5\" class=\"ff-el-form-control\" placeholder=\"Company\" data-name=\"input_text_5\" id=\"ff_1_input_text_5\"  aria-invalid=\"false\" aria-required=true><\/div><\/div><\/div><div class='ff-t-cell ff-t-column-2' style='flex-basis: 50%;'><div class='ff-el-group ff-el-form-hide_label'><div class=\"ff-el-input--label ff-el-is-required asterisk-right\"><label for='ff_1_input_text_6' id='label_ff_1_input_text_6' aria-label=\"Job title\">Job title<\/label><\/div><div class='ff-el-input--content'><input type=\"text\" name=\"input_text_6\" class=\"ff-el-form-control\" placeholder=\"Job title\" data-name=\"input_text_6\" id=\"ff_1_input_text_6\"  aria-invalid=\"false\" aria-required=true><\/div><\/div><\/div><\/div><div data-name=\"ff_cn_id_3\"  class='ff-t-container ff-column-container ff_columns_total_2 '><div class='ff-t-cell ff-t-column-1' style='flex-basis: 50%;'><div class='ff-el-group ff-el-form-hide_label'><div class=\"ff-el-input--label ff-el-is-required asterisk-right\"><label for='ff_1_input_text_3' id='label_ff_1_input_text_3' aria-label=\"Phone\">Phone<\/label><\/div><div class='ff-el-input--content'><input type=\"text\" name=\"input_text_3\" class=\"ff-el-form-control\" placeholder=\"Phone\" data-name=\"input_text_3\" id=\"ff_1_input_text_3\"  aria-invalid=\"false\" aria-required=true><\/div><\/div><\/div><div class='ff-t-cell ff-t-column-2' style='flex-basis: 50%;'><div class='ff-el-group ff-el-form-hide_label'><div class=\"ff-el-input--label ff-el-is-required asterisk-right\"><label for='ff_1_email_1' id='label_ff_1_email_1' aria-label=\"E-mail\">E-mail<\/label><\/div><div class='ff-el-input--content'><input type=\"email\" name=\"email_1\" id=\"ff_1_email_1\" class=\"ff-el-form-control\" placeholder=\"E-mail\" data-name=\"email_1\"  aria-invalid=\"false\" aria-required=true><\/div><\/div><\/div><\/div><div class='ff-el-group ff-el-form-hide_label'><div class=\"ff-el-input--label ff-el-is-required asterisk-right\"><label for='ff_1_subject' id='label_ff_1_subject' aria-label=\"Subject of the message\">Subject of the message<\/label><\/div><div class='ff-el-input--content'><input type=\"text\" name=\"subject\" class=\"ff-el-form-control\" placeholder=\"Subject of the message\" data-name=\"subject\" id=\"ff_1_subject\"  aria-invalid=\"false\" aria-required=true><\/div><\/div><div class='ff-el-group ff-el-form-hide_label'><div class=\"ff-el-input--label ff-el-is-required asterisk-right\"><label for='ff_1_message' id='label_ff_1_message' aria-label=\"Our message\">Our message<\/label><\/div><div class='ff-el-input--content'><textarea aria-required=\"true\" aria-labelledby=\"label_ff_1_message\" name=\"message\" id=\"ff_1_message\" class=\"ff-el-form-control\" placeholder=\"Our message\" rows=\"4\" cols=\"2\" data-name=\"message\" ><\/textarea><\/div><\/div><div class='ff-el-group    ff-el-input--content'><div class='ff-el-form-check ff-el-tc'><label aria-label='I have read and accepted the privacy policy' class='ff-el-form-check-label ff_tc_label' for=terms-n-condition_31878a9e6f01ebe47aa990c0856e4800><span class='ff_tc_checkbox'><input type=\"checkbox\" name=\"terms-n-condition\" class=\"ff-el-form-check-input\" data-name=\"terms-n-condition\" id=\"terms-n-condition_31878a9e6f01ebe47aa990c0856e4800\"  value='on' aria-invalid='false' aria-required=true><\/span> <div class='ff_t_c'><p id=\"translate-whole-text-page-result\">I have read and accepted the privacy policy<\/p><\/div><\/label><\/div><\/div><div class='ff-el-group ff-text-left ff_submit_btn_wrapper'><button type=\"submit\" class=\"ff-btn ff-btn-submit ff-btn-md ff_btn_style\"  aria-label=\"Envoyer\">Envoyer<\/button><\/div><\/fieldset><\/form><div id='fluentform_1_errors' class='ff-errors-in-stack ff_form_instance_1_1 ff-form-loading_errors ff_form_instance_1_1_errors'><\/div><\/div>            <script type=\"text\/javascript\">\n                window.fluent_form_ff_form_instance_1_1 = {\"id\":\"1\",\"settings\":{\"layout\":{\"labelPlacement\":\"top\",\"helpMessagePlacement\":\"with_label\",\"errorMessagePlacement\":\"inline\",\"cssClassName\":\"\",\"asteriskPlacement\":\"asterisk-right\"},\"restrictions\":{\"denyEmptySubmission\":{\"enabled\":false}}},\"form_instance\":\"ff_form_instance_1_1\",\"form_id_selector\":\"fluentform_1\",\"rules\":{\"input_text_1\":{\"required\":{\"value\":true,\"message\":\"This field is required\",\"global_message\":\"Ce champ est obligatoire\",\"global\":true}},\"input_text_2\":{\"required\":{\"value\":true,\"message\":\"This field is required\",\"global_message\":\"Ce champ est obligatoire\",\"global\":true}},\"input_text_5\":{\"required\":{\"value\":true,\"message\":\"This field is required\",\"global_message\":\"Ce champ est obligatoire\",\"global\":true}},\"input_text_6\":{\"required\":{\"value\":true,\"message\":\"This field is required\",\"global_message\":\"Ce champ est obligatoire\",\"global\":true}},\"input_text_3\":{\"required\":{\"value\":true,\"message\":\"This field is required\",\"global_message\":\"Ce champ est obligatoire\",\"global\":true}},\"email_1\":{\"required\":{\"value\":true,\"message\":\"This field is required\",\"global_message\":\"Ce champ est obligatoire\",\"global\":true},\"email\":{\"value\":true,\"message\":\"This field must contain a valid email\",\"global_message\":\"Ce champ doit contenir un e-mail valide\",\"global\":true}},\"subject\":{\"required\":{\"value\":true,\"message\":\"This field is required\",\"global\":true,\"global_message\":\"Ce champ est obligatoire\"}},\"message\":{\"required\":{\"value\":true,\"message\":\"This field is required\",\"global\":true,\"global_message\":\"Ce champ est obligatoire\"}},\"g-recaptcha-response\":[],\"terms-n-condition\":{\"required\":{\"value\":true,\"message\":\"This field is required\",\"global_message\":\"Ce champ est obligatoire\",\"global\":true}}},\"debounce_time\":300};\n                            <\/script>\n                        <\/div>\n\n            \t\t\t\t<\/div>\n\t\t\t\t<\/div>\n\t\t<div class=\"elementor-element elementor-element-bf6e0bb e-con-full e-flex e-con e-child\" data-id=\"bf6e0bb\" data-element_type=\"container\" data-e-type=\"container\">\n\t\t\t\t<div class=\"elementor-element elementor-element-a76b70a elementor-view-stacked elementor-shape-square elementor-position-inline-start elementor-mobile-position-inline-start bloc_icon_contact elementor-widget elementor-widget-icon-box\" data-id=\"a76b70a\" data-element_type=\"widget\" data-e-type=\"widget\" data-widget_type=\"icon-box.default\">\n\t\t\t\t\t\t\t<div class=\"elementor-icon-box-wrapper\">\n\n\t\t\t\t\t\t<div class=\"elementor-icon-box-icon\">\n\t\t\t\t<span  class=\"elementor-icon\">\n\t\t\t\t<i aria-hidden=\"true\" class=\"icon icon-phone\"><\/i>\t\t\t\t<\/span>\n\t\t\t<\/div>\n\t\t\t\n\t\t\t\t\t\t<div class=\"elementor-icon-box-content\">\n\n\t\t\t\t\t\t\t\t\t<div class=\"elementor-icon-box-title\">\n\t\t\t\t\t\t<span  >\n\t\t\t\t\t\t\tGeneral Inquiries\t\t\t\t\t\t<\/span>\n\t\t\t\t\t<\/div>\n\t\t\t\t\n\t\t\t\t\t\t\t\t\t<p class=\"elementor-icon-box-description\">\n\t\t\t\t\t\t+33 (0)2 40 94 85 35\t\t\t\t\t<\/p>\n\t\t\t\t\n\t\t\t<\/div>\n\t\t\t\n\t\t<\/div>\n\t\t\t\t\t\t<\/div>\n\t\t\t\t<div class=\"elementor-element elementor-element-7125f7a elementor-view-stacked elementor-shape-square elementor-position-inline-start elementor-mobile-position-inline-start bloc_icon_contact elementor-widget elementor-widget-icon-box\" data-id=\"7125f7a\" data-element_type=\"widget\" data-e-type=\"widget\" data-widget_type=\"icon-box.default\">\n\t\t\t\t\t\t\t<div class=\"elementor-icon-box-wrapper\">\n\n\t\t\t\t\t\t<div class=\"elementor-icon-box-icon\">\n\t\t\t\t<span  class=\"elementor-icon\">\n\t\t\t\t<i aria-hidden=\"true\" class=\"icon icon-hexa\"><\/i>\t\t\t\t<\/span>\n\t\t\t<\/div>\n\t\t\t\n\t\t\t\t\t\t<div class=\"elementor-icon-box-content\">\n\n\t\t\t\t\t\t\t\t\t<div class=\"elementor-icon-box-title\">\n\t\t\t\t\t\t<span  >\n\t\t\t\t\t\t\tAccounting\t\t\t\t\t\t<\/span>\n\t\t\t\t\t<\/div>\n\t\t\t\t\n\t\t\t\t\t\t\t\t\t<p class=\"elementor-icon-box-description\">\n\t\t\t\t\t\t+33 (0)2 40 94 49 46\t\t\t\t\t<\/p>\n\t\t\t\t\n\t\t\t<\/div>\n\t\t\t\n\t\t<\/div>\n\t\t\t\t\t\t<\/div>\n\t\t\t\t<div class=\"elementor-element elementor-element-2a97722 elementor-view-stacked elementor-shape-square elementor-position-inline-start elementor-mobile-position-inline-start bloc_icon_contact elementor-widget elementor-widget-icon-box\" data-id=\"2a97722\" data-element_type=\"widget\" data-e-type=\"widget\" data-widget_type=\"icon-box.default\">\n\t\t\t\t\t\t\t<div class=\"elementor-icon-box-wrapper\">\n\n\t\t\t\t\t\t<div class=\"elementor-icon-box-icon\">\n\t\t\t\t<span  class=\"elementor-icon\">\n\t\t\t\t<i aria-hidden=\"true\" class=\"icon icon-mail\"><\/i>\t\t\t\t<\/span>\n\t\t\t<\/div>\n\t\t\t\n\t\t\t\t\t\t<div class=\"elementor-icon-box-content\">\n\n\t\t\t\t\t\t\t\t\t<div class=\"elementor-icon-box-title\">\n\t\t\t\t\t\t<span  >\n\t\t\t\t\t\t\tcipal@cipal.fr\t\t\t\t\t\t<\/span>\n\t\t\t\t\t<\/div>\n\t\t\t\t\n\t\t\t\t\n\t\t\t<\/div>\n\t\t\t\n\t\t<\/div>\n\t\t\t\t\t\t<\/div>\n\t\t\t\t<div class=\"elementor-element elementor-element-b62bbb4 elementor-view-stacked elementor-shape-square elementor-position-inline-start elementor-mobile-position-inline-start bloc_icon_contact elementor-widget elementor-widget-icon-box\" data-id=\"b62bbb4\" data-element_type=\"widget\" data-e-type=\"widget\" data-widget_type=\"icon-box.default\">\n\t\t\t\t\t\t\t<div class=\"elementor-icon-box-wrapper\">\n\n\t\t\t\t\t\t<div class=\"elementor-icon-box-icon\">\n\t\t\t\t<a href=\"https:\/\/www.google.fr\/maps\/place\/CIPAL\/@44.7736425,-0.6520898,17z\/data=!3m1!4b1!4m5!3m4!1s0xd54d932b15cef35:0x14362e97f70753db!8m2!3d44.7736425!4d-0.6499011\" target=\"_blank\" class=\"elementor-icon\" tabindex=\"-1\" aria-label=\"11 Rue de la Communaut\u00e9\">\n\t\t\t\t<i aria-hidden=\"true\" class=\"icon icon-map\"><\/i>\t\t\t\t<\/a>\n\t\t\t<\/div>\n\t\t\t\n\t\t\t\t\t\t<div class=\"elementor-icon-box-content\">\n\n\t\t\t\t\t\t\t\t\t<div class=\"elementor-icon-box-title\">\n\t\t\t\t\t\t<a href=\"https:\/\/www.google.fr\/maps\/place\/CIPAL\/@44.7736425,-0.6520898,17z\/data=!3m1!4b1!4m5!3m4!1s0xd54d932b15cef35:0x14362e97f70753db!8m2!3d44.7736425!4d-0.6499011\" target=\"_blank\" >\n\t\t\t\t\t\t\t11 Rue de la Communaut\u00e9\t\t\t\t\t\t<\/a>\n\t\t\t\t\t<\/div>\n\t\t\t\t\n\t\t\t\t\t\t\t\t\t<p class=\"elementor-icon-box-description\">\n\t\t\t\t\t\tLe Bignon<br>44140 France<br><br><a href=\"https:\/\/www.google.fr\/maps\/place\/CIPAL\/@44.7736425,-0.6520898,17z\/data=!3m1!4b1!4m5!3m4!1s0xd54d932b15cef35:0x14362e97f70753db!8m2!3d44.7736425!4d-0.6499011\" target=\"_blank\" style=\"font-size: 1rem;color:inherit\">View on map <i class=\"icon-arrow_right\" style=\"font-size: .625rem\"><\/i><\/a> \t\t\t\t\t<\/p>\n\t\t\t\t\n\t\t\t<\/div>\n\t\t\t\n\t\t<\/div>\n\t\t\t\t\t\t<\/div>\n\t\t\t\t<\/div>\n\t\t\t\t<\/div>\n\t\t\t\t\t<\/div>\n\t\t\t\t<\/div>\n\t\t<div class=\"elementor-element elementor-element-db63697 e-flex e-con-boxed e-con e-parent\" data-id=\"db63697\" data-element_type=\"container\" data-e-type=\"container\">\n\t\t\t\t\t<div class=\"e-con-inner\">\n\t\t\t\t\t<\/div>\n\t\t\t\t<\/div>\n\t\t\t\t<\/div>\n\t\t","protected":false},"excerpt":{"rendered":"<p>CONTACT &#8211; QUOTE Have a question? Need a free quote? Contact us using the form below Demande de contact NomPr\u00e9nomEntrepriseFonctionT\u00e9l\u00e9phoneE-mailObjet du messageVotre message J\u2019ai lu et accept\u00e9 la politique de confidentialit\u00e9 Envoyer General Inquiries +33 (0)2 40 94 85 35 Accounting +33 (0)2 40 94 49 46 cipal@cipal.fr 11 Rue de la Communaut\u00e9 Le Bignon44140 [&hellip;]<\/p>\n","protected":false},"author":1,"featured_media":0,"parent":0,"menu_order":0,"comment_status":"closed","ping_status":"closed","template":"elementor_header_footer","meta":{"_acf_changed":false,"footnotes":""},"class_list":["post-2702","page","type-page","status-publish","hentry"],"acf":[],"yoast_head":"<!-- This site is optimized with the Yoast SEO plugin v27.4 - https:\/\/yoast.com\/product\/yoast-seo-wordpress\/ -->\n<title>Contact CIPAL \u2013 Free Quote for Your Bespoke Lifting Equipment<\/title>\n<meta name=\"description\" content=\"Do you have a question about our products? Need a free quote for your lifting equipment, handling solutions or industrial projects? Contact us!\" \/>\n<meta name=\"robots\" content=\"index, follow, max-snippet:-1, max-image-preview:large, max-video-preview:-1\" \/>\n<link rel=\"canonical\" href=\"https:\/\/www.cipal.fr\/en\/contact\/\" \/>\n<meta property=\"og:locale\" content=\"en_US\" \/>\n<meta property=\"og:type\" content=\"article\" \/>\n<meta property=\"og:title\" content=\"Contact CIPAL \u2013 Free Quote for Your Bespoke Lifting Equipment\" \/>\n<meta property=\"og:description\" content=\"Do you have a question about our products? Need a free quote for your lifting equipment, handling solutions or industrial projects? Contact us!\" \/>\n<meta property=\"og:url\" content=\"https:\/\/www.cipal.fr\/en\/contact\/\" \/>\n<meta property=\"og:site_name\" content=\"Cipal\" \/>\n<meta property=\"article:modified_time\" content=\"2026-04-17T12:28:51+00:00\" \/>\n<meta property=\"og:image\" content=\"https:\/\/www.cipal.fr\/wp-content\/uploads\/2026\/03\/CIPAL_logo-officiel-scaled.png\" \/>\n\t<meta property=\"og:image:width\" content=\"2560\" \/>\n\t<meta property=\"og:image:height\" content=\"698\" \/>\n\t<meta property=\"og:image:type\" content=\"image\/png\" \/>\n<meta name=\"twitter:card\" content=\"summary_large_image\" \/>\n<script type=\"application\/ld+json\" class=\"yoast-schema-graph\">{\"@context\":\"https:\\\/\\\/schema.org\",\"@graph\":[{\"@type\":\"WebPage\",\"@id\":\"https:\\\/\\\/www.cipal.fr\\\/en\\\/contact\\\/\",\"url\":\"https:\\\/\\\/www.cipal.fr\\\/en\\\/contact\\\/\",\"name\":\"Contact CIPAL \u2013 Free Quote for Your Bespoke Lifting Equipment\",\"isPartOf\":{\"@id\":\"https:\\\/\\\/www.cipal.fr\\\/en\\\/#website\"},\"datePublished\":\"2026-02-26T10:05:23+00:00\",\"dateModified\":\"2026-04-17T12:28:51+00:00\",\"description\":\"Do you have a question about our products? Need a free quote for your lifting equipment, handling solutions or industrial projects? Contact us!\",\"breadcrumb\":{\"@id\":\"https:\\\/\\\/www.cipal.fr\\\/en\\\/contact\\\/#breadcrumb\"},\"inLanguage\":\"en-US\",\"potentialAction\":[{\"@type\":\"ReadAction\",\"target\":[\"https:\\\/\\\/www.cipal.fr\\\/en\\\/contact\\\/\"]}]},{\"@type\":\"BreadcrumbList\",\"@id\":\"https:\\\/\\\/www.cipal.fr\\\/en\\\/contact\\\/#breadcrumb\",\"itemListElement\":[{\"@type\":\"ListItem\",\"position\":1,\"name\":\"Accueil\",\"item\":\"https:\\\/\\\/www.cipal.fr\\\/en\\\/home\\\/\"},{\"@type\":\"ListItem\",\"position\":2,\"name\":\"Contact\"}]},{\"@type\":\"WebSite\",\"@id\":\"https:\\\/\\\/www.cipal.fr\\\/en\\\/#website\",\"url\":\"https:\\\/\\\/www.cipal.fr\\\/en\\\/\",\"name\":\"Cipal\",\"description\":\"Conception Industrielle de Palonniers et d\u2019Accessoires de Levage\",\"publisher\":{\"@id\":\"https:\\\/\\\/www.cipal.fr\\\/en\\\/#organization\"},\"potentialAction\":[{\"@type\":\"SearchAction\",\"target\":{\"@type\":\"EntryPoint\",\"urlTemplate\":\"https:\\\/\\\/www.cipal.fr\\\/en\\\/?s={search_term_string}\"},\"query-input\":{\"@type\":\"PropertyValueSpecification\",\"valueRequired\":true,\"valueName\":\"search_term_string\"}}],\"inLanguage\":\"en-US\"},{\"@type\":\"Organization\",\"@id\":\"https:\\\/\\\/www.cipal.fr\\\/en\\\/#organization\",\"name\":\"CIPAL\",\"url\":\"https:\\\/\\\/www.cipal.fr\\\/en\\\/\",\"logo\":{\"@type\":\"ImageObject\",\"inLanguage\":\"en-US\",\"@id\":\"https:\\\/\\\/www.cipal.fr\\\/en\\\/#\\\/schema\\\/logo\\\/image\\\/\",\"url\":\"https:\\\/\\\/www.cipal.fr\\\/wp-content\\\/uploads\\\/2026\\\/03\\\/CIPAL_logo-officiel-scaled.png\",\"contentUrl\":\"https:\\\/\\\/www.cipal.fr\\\/wp-content\\\/uploads\\\/2026\\\/03\\\/CIPAL_logo-officiel-scaled.png\",\"width\":2560,\"height\":698,\"caption\":\"CIPAL\"},\"image\":{\"@id\":\"https:\\\/\\\/www.cipal.fr\\\/en\\\/#\\\/schema\\\/logo\\\/image\\\/\"}}]}<\/script>\n<!-- \/ Yoast SEO plugin. -->","yoast_head_json":{"title":"Contact CIPAL \u2013 Free Quote for Your Bespoke Lifting Equipment","description":"Do you have a question about our products? Need a free quote for your lifting equipment, handling solutions or industrial projects? Contact us!","robots":{"index":"index","follow":"follow","max-snippet":"max-snippet:-1","max-image-preview":"max-image-preview:large","max-video-preview":"max-video-preview:-1"},"canonical":"https:\/\/www.cipal.fr\/en\/contact\/","og_locale":"en_US","og_type":"article","og_title":"Contact CIPAL \u2013 Free Quote for Your Bespoke Lifting Equipment","og_description":"Do you have a question about our products? Need a free quote for your lifting equipment, handling solutions or industrial projects? Contact us!","og_url":"https:\/\/www.cipal.fr\/en\/contact\/","og_site_name":"Cipal","article_modified_time":"2026-04-17T12:28:51+00:00","og_image":[{"width":2560,"height":698,"url":"https:\/\/www.cipal.fr\/wp-content\/uploads\/2026\/03\/CIPAL_logo-officiel-scaled.png","type":"image\/png"}],"twitter_card":"summary_large_image","schema":{"@context":"https:\/\/schema.org","@graph":[{"@type":"WebPage","@id":"https:\/\/www.cipal.fr\/en\/contact\/","url":"https:\/\/www.cipal.fr\/en\/contact\/","name":"Contact CIPAL \u2013 Free Quote for Your Bespoke Lifting Equipment","isPartOf":{"@id":"https:\/\/www.cipal.fr\/en\/#website"},"datePublished":"2026-02-26T10:05:23+00:00","dateModified":"2026-04-17T12:28:51+00:00","description":"Do you have a question about our products? Need a free quote for your lifting equipment, handling solutions or industrial projects? Contact us!","breadcrumb":{"@id":"https:\/\/www.cipal.fr\/en\/contact\/#breadcrumb"},"inLanguage":"en-US","potentialAction":[{"@type":"ReadAction","target":["https:\/\/www.cipal.fr\/en\/contact\/"]}]},{"@type":"BreadcrumbList","@id":"https:\/\/www.cipal.fr\/en\/contact\/#breadcrumb","itemListElement":[{"@type":"ListItem","position":1,"name":"Accueil","item":"https:\/\/www.cipal.fr\/en\/home\/"},{"@type":"ListItem","position":2,"name":"Contact"}]},{"@type":"WebSite","@id":"https:\/\/www.cipal.fr\/en\/#website","url":"https:\/\/www.cipal.fr\/en\/","name":"Cipal","description":"Conception Industrielle de Palonniers et d\u2019Accessoires de Levage","publisher":{"@id":"https:\/\/www.cipal.fr\/en\/#organization"},"potentialAction":[{"@type":"SearchAction","target":{"@type":"EntryPoint","urlTemplate":"https:\/\/www.cipal.fr\/en\/?s={search_term_string}"},"query-input":{"@type":"PropertyValueSpecification","valueRequired":true,"valueName":"search_term_string"}}],"inLanguage":"en-US"},{"@type":"Organization","@id":"https:\/\/www.cipal.fr\/en\/#organization","name":"CIPAL","url":"https:\/\/www.cipal.fr\/en\/","logo":{"@type":"ImageObject","inLanguage":"en-US","@id":"https:\/\/www.cipal.fr\/en\/#\/schema\/logo\/image\/","url":"https:\/\/www.cipal.fr\/wp-content\/uploads\/2026\/03\/CIPAL_logo-officiel-scaled.png","contentUrl":"https:\/\/www.cipal.fr\/wp-content\/uploads\/2026\/03\/CIPAL_logo-officiel-scaled.png","width":2560,"height":698,"caption":"CIPAL"},"image":{"@id":"https:\/\/www.cipal.fr\/en\/#\/schema\/logo\/image\/"}}]}},"_links":{"self":[{"href":"https:\/\/www.cipal.fr\/en\/wp-json\/wp\/v2\/pages\/2702","targetHints":{"allow":["GET"]}}],"collection":[{"href":"https:\/\/www.cipal.fr\/en\/wp-json\/wp\/v2\/pages"}],"about":[{"href":"https:\/\/www.cipal.fr\/en\/wp-json\/wp\/v2\/types\/page"}],"author":[{"embeddable":true,"href":"https:\/\/www.cipal.fr\/en\/wp-json\/wp\/v2\/users\/1"}],"replies":[{"embeddable":true,"href":"https:\/\/www.cipal.fr\/en\/wp-json\/wp\/v2\/comments?post=2702"}],"version-history":[{"count":8,"href":"https:\/\/www.cipal.fr\/en\/wp-json\/wp\/v2\/pages\/2702\/revisions"}],"predecessor-version":[{"id":3278,"href":"https:\/\/www.cipal.fr\/en\/wp-json\/wp\/v2\/pages\/2702\/revisions\/3278"}],"wp:attachment":[{"href":"https:\/\/www.cipal.fr\/en\/wp-json\/wp\/v2\/media?parent=2702"}],"curies":[{"name":"wp","href":"https:\/\/api.w.org\/{rel}","templated":true}]}}